{"id":22430,"date":"2021-06-29T20:10:35","date_gmt":"2021-06-29T23:10:35","guid":{"rendered":"https:\/\/algimediacao.com.br\/2021\/?page_id=22430"},"modified":"2021-10-29T19:32:27","modified_gmt":"2021-10-29T22:32:27","slug":"sobre-a-algi","status":"publish","type":"page","link":"https:\/\/algimediacao.com.br\/2021\/sobre-a-algi\/","title":{"rendered":"SOBRE A ALGI"},"content":{"rendered":"<section class=\"vc_row wpb_row vc_row-fluid  vc_custom_1633908824862 vc_row-has-fill\"><div class=\"wpb_column vc_column_container vc_col-sm-12  col-xs-mobile-fullwidth\"><div class=\"vc_column-inner \"><div class=\"wpb_wrapper\">[vc_single_image image=&#8221;23503&#8243; img_size=&#8221;full&#8221; alignment=&#8221;center&#8221;]<\/div><\/div><\/div><\/section><section data-vc-full-width=\"true\" data-vc-full-width-init=\"false\" class=\"vc_row wpb_row vc_row-fluid  vc_custom_1629583752594 vc_row-has-fill pofo-stretch-content pofo-stretch-row-container\"><div class=\"wpb_column vc_column_container text-center vc_col-sm-12  col-xs-mobile-fullwidth\"><div class=\"vc_column-inner \"><div class=\"wpb_wrapper\"><h6 class=\"text-extra-dark-gray margin-20px-bottom font-weight-600 text-center display-inline-block alt-font heading-style2  heading-1\"  style=\"font-weight: 600; color: #0d2233;\">BEM-VINDO AO MUNDO ALGI!<\/h6><div class=\"montserrat-texto bemvindo last-paragraph-no-margin\"><p style=\"text-align: justify;\">Auxiliamos pessoas, fam\u00edlias, empresas e organiza\u00e7\u00f5es a encontrarem solu\u00e7\u00f5es completas e adequadas para seus problemas, criando contextos integrados e sustent\u00e1veis.<\/p>\n<\/div><\/div><\/div><\/div><\/section><div class=\"vc_row-full-width vc_clearfix\"><\/div><section data-vc-full-width=\"true\" data-vc-full-width-init=\"false\" class=\"vc_row wpb_row vc_row-fluid  vc_custom_1629583739301 pofo-stretch-content pofo-stretch-row-container\"><div class=\"wpb_column vc_column_container vc_col-sm-12  col-xs-mobile-fullwidth\"><div class=\"vc_column-inner \"><div class=\"wpb_wrapper\"><div class=\"crimson-texto bemvindo-texto last-paragraph-no-margin\"><p>Em outras palavras\u2026<br \/>\nAqui aprendemos a conviver, a lidar com a diversidade, a resolver conflitos e se relacionarem.<br \/>\nA ALGI nasceu com a Ana Luiza Godoy Isoldi, e ganhou vida pr\u00f3pria em 01.07.2013, tornando-se um espa\u00e7o composto por profissionais independentes, especializados em gest\u00e3o de relacionamentos para facilitar a conviv\u00eancia e acompanhar as pessoas em fases de conflitos e mudan\u00e7as que implicam em decis\u00f5es.<br \/>\nAna Luiza \u00e9 pioneira em media\u00e7\u00e3o, desde o tempo em que era confundida com medita\u00e7\u00e3o, ama o que faz porque ama encontrar solu\u00e7\u00f5es para os problemas, e quanto mais complexos, melhor.<br \/>\n<strong>&#8220;Nossa miss\u00e3o \u00e9 apoiar as pessoas a encontrarem uma sa\u00edda quando n\u00e3o sabem o que fazer&#8221;<\/strong><\/p>\n<\/div><div class=\"crimson-texto bemvindo-texto  vc_custom_1634653560297 last-paragraph-no-margin\"><p>Porque e para que?<br \/>\n<strong>Relacionamento<\/strong> \u00e9 <strong>vida<\/strong><br \/>\nA <strong>vida<\/strong> \u00e9 feita de <strong>escolhas<\/strong><br \/>\nAs <strong>escolhas<\/strong> geram <strong>mudan\u00e7as<\/strong><br \/>\nAs <strong>mudan\u00e7as<\/strong> fazem parte da <strong>vida<\/strong><br \/>\nOs <strong>conflitos<\/strong> refletem as <strong>mudan\u00e7as<\/strong><br \/>\nAs <strong>solu\u00e7\u00f5es<\/strong> reorganizam os <strong>conflitos<\/strong><br \/>\n<strong>\u00c9 vida que flui\u2026<\/strong><\/p>\n<p>Todo conflito envolve ao menos duas pessoas.<br \/>\nPor tr\u00e1s das empresas e das organiza\u00e7\u00f5es encontramos pessoas.<br \/>\nE cada pessoa pertence a pelo menos uma fam\u00edlia e v\u00e1rios grupos e contextos, com suas culturas e costumes.<br \/>\nOlhar para a complexidade desses sistemas, identificar quem faz parte, mapear as informa\u00e7\u00f5es relevantes e apoiar na busca de solu\u00e7\u00f5es sustent\u00e1veis \u00e9 nosso trabalho.<\/p>\n<\/div><\/div><\/div><\/div><\/section><div class=\"vc_row-full-width vc_clearfix\"><\/div><section id=\"quem-faz-a-algi\" class=\"vc_row wpb_row vc_row-fluid  vc_custom_1629771985106 wow fadeIn vc_row-has-fill\"><div class=\"wpb_column vc_column_container vc_col-sm-12  col-xs-mobile-fullwidth\"><div class=\"vc_column-inner \"><div class=\"wpb_wrapper\"><div class=\"vc_row wpb_row vc_inner vc_row-fluid   vc_row-o-equal-height vc_row-o-content-middle vc_row-flex\"><div class=\"wpb_column vc_column_container quem-somos-imagem-top vc_col-sm-2\/5 vc_col-md-5 vc_col-xs-12 wow fadeInLeft text-center pofo-column-responsive-69fb1263f10da\"><div class=\"vc_column-inner \"><div class=\"wpb_wrapper\">[vc_single_image image=&#8221;22435&#8243; img_size=&#8221;full&#8221; alignment=&#8221;center&#8221; style=&#8221;vc_box_rounded&#8221;]<\/div><\/div><\/div><div class=\"wpb_column vc_column_container vc_col-sm-3\/5 vc_col-md-7 vc_col-xs-12 wow fadeInRight sm-text-center pofo-column-responsive-69fb1263f1147\"><div class=\"vc_column-inner vc_custom_1625009261340\"><div class=\"wpb_wrapper\"><h6 class=\"text-extra-dark-gray margin-20px-bottom font-weight-600 display-inline-block alt-font heading-style2  heading-2\"  style=\"font-weight: 600; color: #0d2233;\">ANA LUIZA ISOLDI<\/h6><div class=\"fonte-verde-claro quem-somos-email  vc_custom_1634654078271 last-paragraph-no-margin\"><p><strong>Fundadora da ALGI:<\/strong> Mediadora | Palestrante | Docente<\/p>\n<\/div><div class=\"quem-somos-texto cinza-fundo-branco last-paragraph-no-margin\"><p style=\"text-align: justify;\">\u201cMe realizo quando noto um brilho no olhar das pessoas no momento em que descobrem algo sobre si e suas rela\u00e7\u00f5es! Uma pergunta bem formulada revela o que quer ser visto, inclu\u00eddo, equilibrado, possibilita a clareza para decidir o pr\u00f3ximo passo, conecta com a vida, sossega temporariamente a alma, at\u00e9 o pr\u00f3ximo conflito, que traz movimento e nos faz evoluir. \u00c9 poss\u00edvel que este insight surja numa media\u00e7\u00e3o, numa mentoria, num treinamento, numa palestra, num bate papo descontra\u00eddo&#8230; Qualquer oportunidade \u00e9 a certa para estar \u00e0 servi\u00e7o.\u201d<\/p>\n<\/div><a  href=\"https:\/\/algimediacao.com.br\/2021\/wp-content\/uploads\/2021\/10\/CV-Ana-Luiza-Isoldi-v-02.pdf\" target=\"_blank\" class=\"btn pofo-button-1 button-style1  btn-dark-gray  vc_custom_1634654364128\"  style=\"border-color:#00b7ab; \">CV<\/a><\/div><\/div><\/div><\/div><\/div><\/div><\/div><\/section><section class=\"vc_row wpb_row vc_row-fluid  vc_custom_1626887889182 wow fadeIn vc_row-has-fill\"><div class=\"wpb_column vc_column_container vc_col-sm-12  col-xs-mobile-fullwidth\"><div class=\"vc_column-inner \"><div class=\"wpb_wrapper\"><div class=\"vc_row wpb_row vc_inner vc_row-fluid   vc_row-o-equal-height vc_row-o-content-middle vc_row-flex\"><div class=\"wpb_column vc_column_container quem-somos-imagem-top vc_col-sm-2\/5 vc_col-md-5 vc_col-xs-12 wow fadeInLeft text-center pofo-column-responsive-69fb1263f1360\"><div class=\"vc_column-inner \"><div class=\"wpb_wrapper\">[vc_single_image image=&#8221;22440&#8243; img_size=&#8221;full&#8221; alignment=&#8221;center&#8221; style=&#8221;vc_box_rounded&#8221;]<\/div><\/div><\/div><div class=\"wpb_column vc_column_container vc_col-sm-3\/5 vc_col-md-7 vc_col-xs-12 wow fadeInRight sm-text-center pofo-column-responsive-69fb1263f13c2\"><div class=\"vc_column-inner vc_custom_1625009261340\"><div class=\"wpb_wrapper\"><h6 class=\"text-extra-dark-gray margin-20px-bottom font-weight-600 display-inline-block alt-font heading-style2  heading-3\"  style=\"font-weight: 600; color: #0d2233;\">Z\u00c9 MANGINI<\/h6><div class=\"fonte-verde-claro quem-somos-email  vc_custom_1633908989275 last-paragraph-no-margin\"><p><strong>Parceiro ALGI:<\/strong> Mediador | Palestrante | Docente<\/p>\n<\/div><div class=\"quem-somos-texto cinza-fundo-branco last-paragraph-no-margin\"><p style=\"text-align: justify;\">\u201cSou advogado de forma\u00e7\u00e3o e atuei muito tempo nas \u00e1reas de fam\u00edlia e sucess\u00f5es e societ\u00e1rio. Fui empres\u00e1rio no ramo editorial e possuo larga experi\u00eancia em produ\u00e7\u00e3o executiva de filmes publicit\u00e1rios bem como cria\u00e7\u00e3o, desenvolvimento e implementa\u00e7\u00e3o de projetos audio-visuais para TV e Cinema. Apaixonado por Media\u00e7\u00e3o, acredito que ouvir, contar Hist\u00f3rias e emancipar as pessoas para resolverem seus conflitos de forma estruturada e poderosa, \u00e9 o meu jeito de, juntos, vivermos em um Mundo melhor. E aqui, como parceiro da ALGI, tenho total condi\u00e7\u00f5es de exercer esta atividade com a autonomia e independ\u00eancia necess\u00e1rias.\u201d<\/p>\n<\/div><a  href=\"https:\/\/algimediacao.com.br\/2021\/wp-content\/uploads\/2021\/10\/CV-Jose-Mangini-v-02.pdf\" target=\"_blank\" class=\"btn pofo-button-2 button-style1  btn-dark-gray  vc_custom_1634654384314\"  style=\"border-color:#00b7ab; \">CV<\/a><\/div><\/div><\/div><\/div><\/div><\/div><\/div><\/section><section class=\"vc_row wpb_row vc_row-fluid  vc_custom_1626887902532 wow fadeIn vc_row-has-fill\"><div class=\"wpb_column vc_column_container vc_col-sm-12  col-xs-mobile-fullwidth\"><div class=\"vc_column-inner \"><div class=\"wpb_wrapper\"><div class=\"vc_row wpb_row vc_inner vc_row-fluid   vc_row-o-equal-height vc_row-o-content-middle vc_row-flex\"><div class=\"wpb_column vc_column_container quem-somos-imagem-top vc_col-sm-2\/5 vc_col-md-5 vc_col-xs-12 wow fadeInLeft text-center pofo-column-responsive-69fb1263f1582\"><div class=\"vc_column-inner \"><div class=\"wpb_wrapper\">[vc_single_image image=&#8221;22434&#8243; img_size=&#8221;full&#8221; alignment=&#8221;center&#8221; style=&#8221;vc_box_rounded&#8221;]<\/div><\/div><\/div><div class=\"wpb_column vc_column_container vc_col-sm-3\/5 vc_col-md-7 vc_col-xs-12 wow fadeInRight sm-text-center pofo-column-responsive-69fb1263f15ca\"><div class=\"vc_column-inner vc_custom_1625009261340\"><div class=\"wpb_wrapper\"><h6 class=\"text-extra-dark-gray margin-20px-bottom font-weight-600 display-inline-block alt-font heading-style2  heading-4\"  style=\"font-weight: 600; color: #0d2233;\">ANA BARBIERI (Cr\u00f4)<\/h6><div class=\"fonte-verde-claro quem-somos-email  vc_custom_1634654064134 last-paragraph-no-margin\"><p><b>Parceira ALGI:<\/b> Comercial | Marketing<\/p>\n<\/div><div class=\"quem-somos-texto cinza-fundo-branco last-paragraph-no-margin\"><p>\u201cNa minha carreira fiz um pouco de tudo, trabalhei em consultorias, ag\u00eancias, ve\u00edculo, produtoras, faculdades e montei uma consultoria. Nessa trajet\u00f3ria aprendi que \u00e9 imprescind\u00edvel ter prazer no trabalho e construir e manter rela\u00e7\u00f5es baseadas em respeito e confian\u00e7a. Conheci a ALGI em 2020, me apaixonei e n\u00e3o larguei mais!\u201d<\/p>\n<\/div><a  href=\"https:\/\/algimediacao.com.br\/2021\/wp-content\/uploads\/2021\/10\/CV-Ana-Barbieri-v-02..pdf\" target=\"_blank\" class=\"btn pofo-button-3 button-style1  btn-dark-gray  vc_custom_1634654425892\"  style=\"border-color:#00b7ab; \">CV<\/a><\/div><\/div><\/div><\/div><\/div><\/div><\/div><\/section><section class=\"vc_row wpb_row vc_row-fluid  vc_custom_1634653823432 wow fadeIn vc_row-has-fill\"><div class=\"wpb_column vc_column_container vc_col-sm-12  col-xs-mobile-fullwidth\"><div class=\"vc_column-inner \"><div class=\"wpb_wrapper\"><div class=\"vc_row wpb_row vc_inner vc_row-fluid   vc_row-o-equal-height vc_row-o-content-middle vc_row-flex\"><div class=\"wpb_column vc_column_container quem-somos-imagem-top vc_col-sm-2\/5 vc_col-md-5 vc_col-xs-12 wow fadeInLeft text-center pofo-column-responsive-69fb1263f1898\"><div class=\"vc_column-inner \"><div class=\"wpb_wrapper\">[vc_single_image image=&#8221;22436&#8243; img_size=&#8221;full&#8221; alignment=&#8221;center&#8221; style=&#8221;vc_box_rounded&#8221;]<\/div><\/div><\/div><div class=\"wpb_column vc_column_container vc_col-sm-3\/5 vc_col-md-7 vc_col-xs-12 wow fadeInRight sm-text-center pofo-column-responsive-69fb1263f18f1\"><div class=\"vc_column-inner vc_custom_1625009261340\"><div class=\"wpb_wrapper\"><h6 class=\"text-extra-dark-gray margin-20px-bottom font-weight-600 display-inline-block alt-font heading-style2  heading-5\"  style=\"font-weight: 600; color: #0d2233;\">ANDREIA ALMEIDA<\/h6><div class=\"quem-somos-texto cinza-fundo-branco last-paragraph-no-margin\"><p>Mais do que ouvir o som das ondas, \u00e9 o amor pela minha m\u00e3e. Minha fiel amiga, parceira e companheira. &#8220;Nada \u00e9 t\u00e3o nosso como os nossos.&#8221; Friedrich Nietzsche<\/p>\n<\/div><\/div><\/div><\/div><\/div><\/div><\/div><\/div><\/section><section class=\"vc_row wpb_row vc_row-fluid  vc_custom_1626887902532 wow fadeIn vc_row-has-fill\"><div class=\"wpb_column vc_column_container vc_col-sm-12  col-xs-mobile-fullwidth\"><div class=\"vc_column-inner \"><div class=\"wpb_wrapper\"><div class=\"vc_row wpb_row vc_inner vc_row-fluid   vc_row-o-equal-height vc_row-o-content-middle vc_row-flex\"><div class=\"wpb_column vc_column_container quem-somos-imagem-top vc_col-sm-2\/5 vc_col-md-5 vc_col-xs-12 wow fadeInLeft text-center pofo-column-responsive-69fb1263f1a50\"><div class=\"vc_column-inner \"><div class=\"wpb_wrapper\">[vc_single_image image=&#8221;22438&#8243; img_size=&#8221;full&#8221; alignment=&#8221;center&#8221; style=&#8221;vc_box_rounded&#8221;]<\/div><\/div><\/div><div class=\"wpb_column vc_column_container vc_col-sm-3\/5 vc_col-md-7 vc_col-xs-12 wow fadeInRight sm-text-center pofo-column-responsive-69fb1263f1a96\"><div class=\"vc_column-inner vc_custom_1625009261340\"><div class=\"wpb_wrapper\"><h6 class=\"text-extra-dark-gray margin-20px-bottom font-weight-600 display-inline-block alt-font heading-style2  heading-6\"  style=\"font-weight: 600; color: #0d2233;\">JULIANA POLLONI<\/h6><div class=\"fonte-verde-claro quem-somos-email  vc_custom_1634654048004 last-paragraph-no-margin\"><p><strong>Parceira ALGI:<\/strong> Mediadora | Palestrante | Docente<\/p>\n<\/div><div class=\"quem-somos-texto cinza-fundo-branco last-paragraph-no-margin\"><p>\u201cAcredito no ser humano e busco inspirar a conex\u00e3o entre as pessoas. Sou advogada de forma\u00e7\u00e3o e fui descobrindo caminhos mais satisfat\u00f3rios para a resolu\u00e7\u00e3o de conflitos. Esses caminhos me mostraram a import\u00e2ncia de uma comunica\u00e7\u00e3o eficaz, da escuta e da elabora\u00e7\u00e3o de pedidos. Encontrei nas pr\u00e1ticas colaborativo-dial\u00f3gicas e na comunica\u00e7\u00e3o n\u00e3o-violenta os recursos para desenvolver essas habilidades junto \u00e0s pessoas nos mais diferentes contextos. Hoje, al\u00e9m de aplicar esses recursos na constru\u00e7\u00e3o de espa\u00e7os saud\u00e1veis de relacionamentos entre pessoas e equipes e de apoiar na gest\u00e3o de conflitos, tamb\u00e9m tenho paix\u00e3o por ensinar a arte da colabora\u00e7\u00e3o e do di\u00e1logo.\u201d<\/p>\n<\/div><a  href=\"https:\/\/algimediacao.com.br\/2021\/wp-content\/uploads\/2021\/10\/CV-Juliana-Polloni-v-02.pdf\" target=\"_blank\" class=\"btn pofo-button-4 button-style1  btn-dark-gray  vc_custom_1634654450138\"  style=\"border-color:#00b7ab; \">CV<\/a><\/div><\/div><\/div><\/div><\/div><\/div><\/div><\/section><section class=\"vc_row wpb_row vc_row-fluid  vc_custom_1626887889182 wow fadeIn vc_row-has-fill\"><div class=\"wpb_column vc_column_container vc_col-sm-12  col-xs-mobile-fullwidth\"><div class=\"vc_column-inner \"><div class=\"wpb_wrapper\"><div class=\"vc_row wpb_row vc_inner vc_row-fluid   vc_row-o-equal-height vc_row-o-content-middle vc_row-flex\"><div class=\"wpb_column vc_column_container quem-somos-imagem-top vc_col-sm-2\/5 vc_col-md-5 vc_col-xs-12 wow fadeInLeft text-center pofo-column-responsive-69fb1263f1c41\"><div class=\"vc_column-inner \"><div class=\"wpb_wrapper\">[vc_single_image image=&#8221;22437&#8243; img_size=&#8221;full&#8221; alignment=&#8221;center&#8221; style=&#8221;vc_box_rounded&#8221;]<\/div><\/div><\/div><div class=\"wpb_column vc_column_container vc_col-sm-3\/5 vc_col-md-7 vc_col-xs-12 wow fadeInRight sm-text-center pofo-column-responsive-69fb1263f1c90\"><div class=\"vc_column-inner vc_custom_1625009261340\"><div class=\"wpb_wrapper\"><h6 class=\"text-extra-dark-gray margin-20px-bottom font-weight-600 display-inline-block alt-font heading-style2  heading-7\"  style=\"font-weight: 600; color: #0d2233;\">FERNANDA PADILHA<\/h6><div class=\"fonte-verde-claro quem-somos-email  vc_custom_1633909180092 last-paragraph-no-margin\"><p><strong>Parceira ALGI:<\/strong> Palestrante | Docente<\/p>\n<\/div><div class=\"quem-somos-texto cinza-fundo-branco last-paragraph-no-margin\"><p>\u201cSempre tive m\u00faltiplos interesses e foi essa diversidade que me levou a descobrir o meu porqu\u00ea: Inspirar a transforma\u00e7\u00e3o das pessoas. Individualmete como terapeuta e coletivamente em treinamentos, facilita\u00e7\u00f5es e palestras.Sou terapeuta corporal neoreichiana, originalmente atriz, graduada em Administra\u00e7\u00e3o de Empresas. Atuei improvisando por anos com uma cia de Playback Theatre em grandes empresas. A uni\u00e3o do aprendizado pela pr\u00e1tica do improviso com a Teoria U proporcionou a potencializa\u00e7\u00e3o do meu trabalho com desenvolvimento humano e com a aplica\u00e7\u00e3o de metodologias vivenciais para facilitar e promover as transforma\u00e7\u00f5es e mudan\u00e7as necess\u00e1rias. A viv\u00eancia dos princ\u00edpios do improviso me proporcionam uma consci\u00eancia: sou uma aprendiz permanente!\u201d<\/p>\n<\/div><a  href=\"https:\/\/algimediacao.com.br\/2021\/wp-content\/uploads\/2021\/10\/CV-Fernanda-Padilha-v-02.pdf\" target=\"_blank\" class=\"btn pofo-button-5 button-style1  btn-dark-gray  vc_custom_1634654480328\"  style=\"border-color:#00b7ab; \">CV<\/a><\/div><\/div><\/div><\/div><\/div><\/div><\/div><\/section><section class=\"vc_row wpb_row vc_row-fluid  vc_custom_1634653914268 wow fadeIn vc_row-has-fill\"><div class=\"wpb_column vc_column_container vc_col-sm-12  col-xs-mobile-fullwidth\"><div class=\"vc_column-inner \"><div class=\"wpb_wrapper\"><div class=\"vc_row wpb_row vc_inner vc_row-fluid   vc_row-o-equal-height vc_row-o-content-middle vc_row-flex\"><div class=\"wpb_column vc_column_container quem-somos-imagem-top vc_col-sm-2\/5 vc_col-md-5 vc_col-xs-12 wow fadeInLeft text-center pofo-column-responsive-69fb1263f1e2a\"><div class=\"vc_column-inner \"><div class=\"wpb_wrapper\">[vc_single_image image=&#8221;22439&#8243; img_size=&#8221;full&#8221; alignment=&#8221;center&#8221; style=&#8221;vc_box_rounded&#8221;]<\/div><\/div><\/div><div class=\"wpb_column vc_column_container vc_col-sm-3\/5 vc_col-md-7 vc_col-xs-12 wow fadeInRight sm-text-center pofo-column-responsive-69fb1263f1e70\"><div class=\"vc_column-inner vc_custom_1625009261340\"><div class=\"wpb_wrapper\"><h6 class=\"text-extra-dark-gray margin-20px-bottom font-weight-600 display-inline-block alt-font heading-style2  heading-8\"  style=\"font-weight: 600; color: #0d2233;\">VALC\u00cdRIA SERRA<\/h6><div class=\"fonte-verde-claro quem-somos-email  vc_custom_1634654039387 last-paragraph-no-margin\"><p><strong>Parceira ALGI:<\/strong> Mediadora | Palestrante | Docente<\/p>\n<\/div><div class=\"quem-somos-texto cinza-fundo-branco last-paragraph-no-margin\"><p>\u201cSou Coach e Consultora de Desenvolvimento Humano e das Organiza\u00e7\u00f5es e Mediadora. Atuo h\u00e1 mais de 30 anos em ambiente corporativo como facilitadora de processos de desenvolvimento de Pessoas, Grupos e Organiza\u00e7\u00f5es. Sou incans\u00e1vel na cren\u00e7a de que podemos contribuir com um mundo melhor, atrav\u00e9s das pessoas e organiza\u00e7\u00f5es, palco do desenvolvimento de profissionais e das empresas. Possuo uma larga experi\u00eancia em desenvolvimento de lideran\u00e7as, equipes, consultoria organizacional, coaching e media\u00e7\u00e3o de conflitos. Feliz por fazer parte da Algi desde 2020 e poder contribuir com minha experi\u00eancia organizacional, nas \u00e1reas que atuo.\u201d<\/p>\n<\/div><a  href=\"https:\/\/algimediacao.com.br\/2021\/wp-content\/uploads\/2021\/10\/CV-Valciria-Serra-v-02.pdf\" target=\"_blank\" class=\"btn pofo-button-6 button-style1  btn-dark-gray  vc_custom_1634654501494\"  style=\"border-color:#00b7ab; \">CV<\/a><\/div><\/div><\/div><\/div><\/div><\/div><\/div><\/section>\n","protected":false},"excerpt":{"rendered":"[vc_single_image image=\"23503\" img_size=\"full\" alignment=\"center\"]BEM-VINDO AO MUNDO ALGI!Auxiliamos pessoas, fam\u00edlias, empresas e organiza\u00e7\u00f5es a encontrarem solu\u00e7\u00f5es completas e adequadas para seus problemas, criando contextos integrados e sustent\u00e1veis. Em outras palavras\u2026 Aqui aprendemos a conviver, a lidar com a diversidade, a resolver conflitos e se relacionarem. A ALGI nasceu com a Ana Luiza Godoy Isoldi, e ganhou vida pr\u00f3pria em 01.07.2013, tornando-se um espa\u00e7o composto por profissionais independentes, especializados em gest\u00e3o de relacionamentos para facilitar a conviv\u00eancia e acompanhar as pessoas em fases de conflitos e mudan\u00e7as que implicam em decis\u00f5es. Ana Luiza \u00e9 pioneira em media\u00e7\u00e3o, desde o tempo em que era confundida com medita\u00e7\u00e3o, ama o que faz porque ama encontrar solu\u00e7\u00f5es para os problemas, e quanto mais complexos, melhor. \"Nossa miss\u00e3o \u00e9 apoiar as pessoas a encontrarem uma sa\u00edda quando n\u00e3o sabem o que fazer\" Porque e para que? Relacionamento \u00e9 vida A vida \u00e9 feita de escolhas As escolhas geram mudan\u00e7as As mudan\u00e7as fazem parte da vida Os conflitos refletem as mudan\u00e7as As solu\u00e7\u00f5es reorganizam os conflitos \u00c9 vida que flui\u2026 Todo conflito envolve ao menos duas pessoas. Por tr\u00e1s das empresas e das organiza\u00e7\u00f5es encontramos pessoas. E cada pessoa pertence a pelo menos uma fam\u00edlia e v\u00e1rios...","protected":false},"author":1,"featured_media":0,"parent":0,"menu_order":0,"comment_status":"closed","ping_status":"closed","template":"","meta":{"footnotes":""},"class_list":["post-22430","page","type-page","status-publish","hentry"],"_links":{"self":[{"href":"https:\/\/algimediacao.com.br\/2021\/wp-json\/wp\/v2\/pages\/22430","targetHints":{"allow":["GET"]}}],"collection":[{"href":"https:\/\/algimediacao.com.br\/2021\/wp-json\/wp\/v2\/pages"}],"about":[{"href":"https:\/\/algimediacao.com.br\/2021\/wp-json\/wp\/v2\/types\/page"}],"author":[{"embeddable":true,"href":"https:\/\/algimediacao.com.br\/2021\/wp-json\/wp\/v2\/users\/1"}],"replies":[{"embeddable":true,"href":"https:\/\/algimediacao.com.br\/2021\/wp-json\/wp\/v2\/comments?post=22430"}],"version-history":[{"count":56,"href":"https:\/\/algimediacao.com.br\/2021\/wp-json\/wp\/v2\/pages\/22430\/revisions"}],"predecessor-version":[{"id":23894,"href":"https:\/\/algimediacao.com.br\/2021\/wp-json\/wp\/v2\/pages\/22430\/revisions\/23894"}],"wp:attachment":[{"href":"https:\/\/algimediacao.com.br\/2021\/wp-json\/wp\/v2\/media?parent=22430"}],"curies":[{"name":"wp","href":"https:\/\/api.w.org\/{rel}","templated":true}]}}